{"id":8762,"date":"2023-05-25T13:21:16","date_gmt":"2023-05-25T13:21:16","guid":{"rendered":"https:\/\/anse.linuxgooddev.kraftwerk.co.at\/cart\/"},"modified":"2024-01-23T13:45:56","modified_gmt":"2024-01-23T13:45:56","slug":"cart","status":"publish","type":"page","link":"https:\/\/anse.linuxgooddev.kraftwerk.co.at\/en\/cart\/","title":{"rendered":"Shopping cart"},"content":{"rendered":"\t\t<div data-elementor-type=\"wp-page\" data-elementor-id=\"8762\" class=\"elementor elementor-8762 elementor-11\" data-elementor-post-type=\"page\">\n\t\t\t\t<div class=\"elementor-element elementor-element-1b1c233 e-flex e-con-boxed e-con e-parent\" data-id=\"1b1c233\" data-element_type=\"container\" data-e-type=\"container\" data-settings=\"{&quot;jet_parallax_layout_list&quot;:[]}\">\n\t\t\t\t\t<div class=\"e-con-inner\">\n\t\t<div class=\"elementor-element elementor-element-d601b02 e-flex e-con-boxed e-con e-child\" data-id=\"d601b02\" data-element_type=\"container\" data-e-type=\"container\" data-settings=\"{&quot;jet_parallax_layout_list&quot;:[]}\">\n\t\t\t\t\t<div class=\"e-con-inner\">\n\t\t\t\t<div class=\"elementor-element elementor-element-56a9898 elementor-widget elementor-widget-heading\" data-id=\"56a9898\" data-element_type=\"widget\" data-e-type=\"widget\" data-widget_type=\"heading.default\">\n\t\t\t\t<div class=\"elementor-widget-container\">\n\t\t\t\t\t<h2 class=\"elementor-heading-title elementor-size-default\">Your shopping cart<\/h2>\t\t\t\t<\/div>\n\t\t\t\t<\/div>\n\t\t\t\t\t<\/div>\n\t\t\t\t<\/div>\n\t\t\t\t<div class=\"elementor-element elementor-element-a0ea253 e-cart-empty-template-active e-cart-layout-two-column elementor-widget elementor-widget-woocommerce-cart\" data-id=\"a0ea253\" data-element_type=\"widget\" data-e-type=\"widget\" data-settings=\"{&quot;update_cart_automatically&quot;:&quot;yes&quot;,&quot;additional_template_select&quot;:&quot;6829&quot;}\" data-widget_type=\"woocommerce-cart.default\">\n\t\t\t\t<div class=\"elementor-widget-container\">\n\t\t\t\t\t\t\t<div data-elementor-type=\"section\" data-elementor-id=\"9450\" class=\"elementor elementor-9450 elementor-6829\" data-elementor-post-type=\"elementor_library\">\n\t\t\t<div class=\"elementor-element elementor-element-d07b0f2 e-flex e-con-boxed e-con e-parent\" data-id=\"d07b0f2\" data-element_type=\"container\" data-e-type=\"container\" data-settings=\"{&quot;jet_parallax_layout_list&quot;:[]}\">\n\t\t\t\t\t<div class=\"e-con-inner\">\n\t\t\t\t<div class=\"elementor-element elementor-element-f37f8c6 elementor-widget elementor-widget-text-editor\" data-id=\"f37f8c6\" data-element_type=\"widget\" data-e-type=\"widget\" data-widget_type=\"text-editor.default\">\n\t\t\t\t<div class=\"elementor-widget-container\">\n\t\t\t\t\t\t\t\t\t<p>Your shopping cart is empty.<\/p>\n\t\t\t\t\t\t\t\t<\/div>\n\t\t\t\t<\/div>\n\t\t\t\t<div class=\"elementor-element elementor-element-3eb3f49 elementor-align-left elementor-widget elementor-widget-button\" data-id=\"3eb3f49\" data-element_type=\"widget\" data-e-type=\"widget\" data-widget_type=\"button.default\">\n\t\t\t\t<div class=\"elementor-widget-container\">\n\t\t\t\t\t\t\t\t\t<div class=\"elementor-button-wrapper\">\n\t\t\t\t\t<a class=\"elementor-button elementor-button-link elementor-size-sm\" href=\"https:\/\/anse.linuxgooddev.kraftwerk.co.at\/shop\/\">\n\t\t\t\t\t\t<span class=\"elementor-button-content-wrapper\">\n\t\t\t\t\t\t\t\t\t<span class=\"elementor-button-text\">To the store<\/span>\n\t\t\t\t\t<\/span>\n\t\t\t\t\t<\/a>\n\t\t\t\t<\/div>\n\t\t\t\t\t\t\t\t<\/div>\n\t\t\t\t<\/div>\n\t\t\t\t\t<\/div>\n\t\t\t\t<\/div>\n\t\t\t\t<\/div>\n\t\t\t\t\t\t<\/div>\n\t\t\t\t<\/div>\n\t\t\t\t\t<\/div>\n\t\t\t\t<\/div>\n\t\t\t\t<\/div>\n\t\t","protected":false},"excerpt":{"rendered":"<p>Your shopping cart Artikel entfernen Vorschaubild Produkt Preis Anzahl Zwischensumme &times; Test &euro;&nbsp;0,50 Test&nbsp; Menge &euro;&nbsp;0,50 Total Zwischensumme &euro;&nbsp;0,50 Versand \u00d6sterreichische Post: &euro;&nbsp;7,20 Versandoptionen werden w\u00e4hrend des Bezahlvorgangs aktualisiert. Versandkosten berechnen Land\/Region: Land\/Region ausw\u00e4hlen\u00a0\u2026BelgienBulgarienDeutschlandD\u00e4nemarkEstlandFinnlandFrankreichGibraltarGriechenlandIrlandItalienKroatienLettlandLiechtensteinLitauenLuxemburgMaltaNiederlandePolenPortugalRum\u00e4nienSchwedenSlowakeiSlowenienSpanienTschechienUngarnVereinigtes K\u00f6nigreich\u00d6sterreich Stadt: Postleitzahl: Refresh Gesamtsumme &euro;&nbsp;7,70 (inkl. &euro;&nbsp;1,28 MwSt.) Checkout &mdash;&nbsp;oder&nbsp;&mdash; &mdash;&nbsp;oder&nbsp;&mdash;<\/p>\n","protected":false},"author":1,"featured_media":0,"parent":0,"menu_order":0,"comment_status":"closed","ping_status":"closed","template":"","meta":{"footnotes":""},"class_list":["post-8762","page","type-page","status-publish","hentry"],"yoast_head":"<!-- This site is optimized with the Yoast SEO plugin v27.5 - https:\/\/yoast.com\/product\/yoast-seo-wordpress\/ -->\n<title>Shopping cart | Anse Victorin<\/title>\n<meta name=\"robots\" content=\"index, follow, max-snippet:-1, max-image-preview:large, max-video-preview:-1\" \/>\n<link rel=\"canonical\" href=\"https:\/\/anse.linuxgooddev.kraftwerk.co.at\/en\/cart\/\" \/>\n<meta property=\"og:locale\" content=\"en_US\" \/>\n<meta property=\"og:type\" content=\"article\" \/>\n<meta property=\"og:title\" content=\"Shopping cart | Anse Victorin\" \/>\n<meta property=\"og:description\" content=\"Your shopping cart Artikel entfernen Vorschaubild Produkt Preis Anzahl Zwischensumme &times; Test &euro;&nbsp;0,50 Test&nbsp; Menge &euro;&nbsp;0,50 Total Zwischensumme &euro;&nbsp;0,50 Versand \u00d6sterreichische Post: &euro;&nbsp;7,20 Versandoptionen werden w\u00e4hrend des Bezahlvorgangs aktualisiert. Versandkosten berechnen Land\/Region: Land\/Region ausw\u00e4hlen\u00a0\u2026BelgienBulgarienDeutschlandD\u00e4nemarkEstlandFinnlandFrankreichGibraltarGriechenlandIrlandItalienKroatienLettlandLiechtensteinLitauenLuxemburgMaltaNiederlandePolenPortugalRum\u00e4nienSchwedenSlowakeiSlowenienSpanienTschechienUngarnVereinigtes K\u00f6nigreich\u00d6sterreich Stadt: Postleitzahl: Refresh Gesamtsumme &euro;&nbsp;7,70 (inkl. &euro;&nbsp;1,28 MwSt.) Checkout &mdash;&nbsp;oder&nbsp;&mdash; &mdash;&nbsp;oder&nbsp;&mdash;\" \/>\n<meta property=\"og:url\" content=\"https:\/\/anse.linuxgooddev.kraftwerk.co.at\/en\/cart\/\" \/>\n<meta property=\"og:site_name\" content=\"Anse Victorin\" \/>\n<meta property=\"article:modified_time\" content=\"2024-01-23T13:45:56+00:00\" \/>\n<meta name=\"twitter:card\" content=\"summary_large_image\" \/>\n<script type=\"application\/ld+json\" class=\"yoast-schema-graph\">{\"@context\":\"https:\\\/\\\/schema.org\",\"@graph\":[{\"@type\":\"WebPage\",\"@id\":\"https:\\\/\\\/anse.linuxgooddev.kraftwerk.co.at\\\/en\\\/cart\\\/\",\"url\":\"https:\\\/\\\/anse.linuxgooddev.kraftwerk.co.at\\\/en\\\/cart\\\/\",\"name\":\"Shopping cart | Anse Victorin\",\"isPartOf\":{\"@id\":\"https:\\\/\\\/anse.linuxgooddev.kraftwerk.co.at\\\/#website\"},\"datePublished\":\"2023-05-25T13:21:16+00:00\",\"dateModified\":\"2024-01-23T13:45:56+00:00\",\"breadcrumb\":{\"@id\":\"https:\\\/\\\/anse.linuxgooddev.kraftwerk.co.at\\\/en\\\/cart\\\/#breadcrumb\"},\"inLanguage\":\"en-US\",\"potentialAction\":[{\"@type\":\"ReadAction\",\"target\":[\"https:\\\/\\\/anse.linuxgooddev.kraftwerk.co.at\\\/en\\\/cart\\\/\"]}]},{\"@type\":\"BreadcrumbList\",\"@id\":\"https:\\\/\\\/anse.linuxgooddev.kraftwerk.co.at\\\/en\\\/cart\\\/#breadcrumb\",\"itemListElement\":[{\"@type\":\"ListItem\",\"position\":1,\"name\":\"Startseite\",\"item\":\"https:\\\/\\\/anse.linuxgooddev.kraftwerk.co.at\\\/en\\\/\"},{\"@type\":\"ListItem\",\"position\":2,\"name\":\"Shopping cart\"}]},{\"@type\":\"WebSite\",\"@id\":\"https:\\\/\\\/anse.linuxgooddev.kraftwerk.co.at\\\/#website\",\"url\":\"https:\\\/\\\/anse.linuxgooddev.kraftwerk.co.at\\\/\",\"name\":\"Anse Victorin\",\"description\":\"\",\"publisher\":{\"@id\":\"https:\\\/\\\/anse.linuxgooddev.kraftwerk.co.at\\\/#organization\"},\"potentialAction\":[{\"@type\":\"SearchAction\",\"target\":{\"@type\":\"EntryPoint\",\"urlTemplate\":\"https:\\\/\\\/anse.linuxgooddev.kraftwerk.co.at\\\/?s={search_term_string}\"},\"query-input\":{\"@type\":\"PropertyValueSpecification\",\"valueRequired\":true,\"valueName\":\"search_term_string\"}}],\"inLanguage\":\"en-US\"},{\"@type\":\"Organization\",\"@id\":\"https:\\\/\\\/anse.linuxgooddev.kraftwerk.co.at\\\/#organization\",\"name\":\"Anse Victorin\",\"url\":\"https:\\\/\\\/anse.linuxgooddev.kraftwerk.co.at\\\/\",\"logo\":{\"@type\":\"ImageObject\",\"inLanguage\":\"en-US\",\"@id\":\"https:\\\/\\\/anse.linuxgooddev.kraftwerk.co.at\\\/#\\\/schema\\\/logo\\\/image\\\/\",\"url\":\"https:\\\/\\\/anse.linuxgooddev.kraftwerk.co.at\\\/wp-content\\\/uploads\\\/2023\\\/05\\\/Anse_Victorin.svg\",\"contentUrl\":\"https:\\\/\\\/anse.linuxgooddev.kraftwerk.co.at\\\/wp-content\\\/uploads\\\/2023\\\/05\\\/Anse_Victorin.svg\",\"width\":429,\"height\":80,\"caption\":\"Anse Victorin\"},\"image\":{\"@id\":\"https:\\\/\\\/anse.linuxgooddev.kraftwerk.co.at\\\/#\\\/schema\\\/logo\\\/image\\\/\"}}]}<\/script>\n<!-- \/ Yoast SEO plugin. -->","yoast_head_json":{"title":"Shopping cart | Anse Victorin","robots":{"index":"index","follow":"follow","max-snippet":"max-snippet:-1","max-image-preview":"max-image-preview:large","max-video-preview":"max-video-preview:-1"},"canonical":"https:\/\/anse.linuxgooddev.kraftwerk.co.at\/en\/cart\/","og_locale":"en_US","og_type":"article","og_title":"Shopping cart | Anse Victorin","og_description":"Your shopping cart Artikel entfernen Vorschaubild Produkt Preis Anzahl Zwischensumme &times; Test &euro;&nbsp;0,50 Test&nbsp; Menge &euro;&nbsp;0,50 Total Zwischensumme &euro;&nbsp;0,50 Versand \u00d6sterreichische Post: &euro;&nbsp;7,20 Versandoptionen werden w\u00e4hrend des Bezahlvorgangs aktualisiert. Versandkosten berechnen Land\/Region: Land\/Region ausw\u00e4hlen\u00a0\u2026BelgienBulgarienDeutschlandD\u00e4nemarkEstlandFinnlandFrankreichGibraltarGriechenlandIrlandItalienKroatienLettlandLiechtensteinLitauenLuxemburgMaltaNiederlandePolenPortugalRum\u00e4nienSchwedenSlowakeiSlowenienSpanienTschechienUngarnVereinigtes K\u00f6nigreich\u00d6sterreich Stadt: Postleitzahl: Refresh Gesamtsumme &euro;&nbsp;7,70 (inkl. &euro;&nbsp;1,28 MwSt.) Checkout &mdash;&nbsp;oder&nbsp;&mdash; &mdash;&nbsp;oder&nbsp;&mdash;","og_url":"https:\/\/anse.linuxgooddev.kraftwerk.co.at\/en\/cart\/","og_site_name":"Anse Victorin","article_modified_time":"2024-01-23T13:45:56+00:00","twitter_card":"summary_large_image","schema":{"@context":"https:\/\/schema.org","@graph":[{"@type":"WebPage","@id":"https:\/\/anse.linuxgooddev.kraftwerk.co.at\/en\/cart\/","url":"https:\/\/anse.linuxgooddev.kraftwerk.co.at\/en\/cart\/","name":"Shopping cart | Anse Victorin","isPartOf":{"@id":"https:\/\/anse.linuxgooddev.kraftwerk.co.at\/#website"},"datePublished":"2023-05-25T13:21:16+00:00","dateModified":"2024-01-23T13:45:56+00:00","breadcrumb":{"@id":"https:\/\/anse.linuxgooddev.kraftwerk.co.at\/en\/cart\/#breadcrumb"},"inLanguage":"en-US","potentialAction":[{"@type":"ReadAction","target":["https:\/\/anse.linuxgooddev.kraftwerk.co.at\/en\/cart\/"]}]},{"@type":"BreadcrumbList","@id":"https:\/\/anse.linuxgooddev.kraftwerk.co.at\/en\/cart\/#breadcrumb","itemListElement":[{"@type":"ListItem","position":1,"name":"Startseite","item":"https:\/\/anse.linuxgooddev.kraftwerk.co.at\/en\/"},{"@type":"ListItem","position":2,"name":"Shopping cart"}]},{"@type":"WebSite","@id":"https:\/\/anse.linuxgooddev.kraftwerk.co.at\/#website","url":"https:\/\/anse.linuxgooddev.kraftwerk.co.at\/","name":"Anse Victorin","description":"","publisher":{"@id":"https:\/\/anse.linuxgooddev.kraftwerk.co.at\/#organization"},"potentialAction":[{"@type":"SearchAction","target":{"@type":"EntryPoint","urlTemplate":"https:\/\/anse.linuxgooddev.kraftwerk.co.at\/?s={search_term_string}"},"query-input":{"@type":"PropertyValueSpecification","valueRequired":true,"valueName":"search_term_string"}}],"inLanguage":"en-US"},{"@type":"Organization","@id":"https:\/\/anse.linuxgooddev.kraftwerk.co.at\/#organization","name":"Anse Victorin","url":"https:\/\/anse.linuxgooddev.kraftwerk.co.at\/","logo":{"@type":"ImageObject","inLanguage":"en-US","@id":"https:\/\/anse.linuxgooddev.kraftwerk.co.at\/#\/schema\/logo\/image\/","url":"https:\/\/anse.linuxgooddev.kraftwerk.co.at\/wp-content\/uploads\/2023\/05\/Anse_Victorin.svg","contentUrl":"https:\/\/anse.linuxgooddev.kraftwerk.co.at\/wp-content\/uploads\/2023\/05\/Anse_Victorin.svg","width":429,"height":80,"caption":"Anse Victorin"},"image":{"@id":"https:\/\/anse.linuxgooddev.kraftwerk.co.at\/#\/schema\/logo\/image\/"}}]}},"_links":{"self":[{"href":"https:\/\/anse.linuxgooddev.kraftwerk.co.at\/en\/wp-json\/wp\/v2\/pages\/8762","targetHints":{"allow":["GET"]}}],"collection":[{"href":"https:\/\/anse.linuxgooddev.kraftwerk.co.at\/en\/wp-json\/wp\/v2\/pages"}],"about":[{"href":"https:\/\/anse.linuxgooddev.kraftwerk.co.at\/en\/wp-json\/wp\/v2\/types\/page"}],"author":[{"embeddable":true,"href":"https:\/\/anse.linuxgooddev.kraftwerk.co.at\/en\/wp-json\/wp\/v2\/users\/1"}],"replies":[{"embeddable":true,"href":"https:\/\/anse.linuxgooddev.kraftwerk.co.at\/en\/wp-json\/wp\/v2\/comments?post=8762"}],"version-history":[{"count":3,"href":"https:\/\/anse.linuxgooddev.kraftwerk.co.at\/en\/wp-json\/wp\/v2\/pages\/8762\/revisions"}],"predecessor-version":[{"id":9433,"href":"https:\/\/anse.linuxgooddev.kraftwerk.co.at\/en\/wp-json\/wp\/v2\/pages\/8762\/revisions\/9433"}],"wp:attachment":[{"href":"https:\/\/anse.linuxgooddev.kraftwerk.co.at\/en\/wp-json\/wp\/v2\/media?parent=8762"}],"curies":[{"name":"wp","href":"https:\/\/api.w.org\/{rel}","templated":true}]}}